{"id":234,"date":"2010-12-18T17:18:40","date_gmt":"2010-12-18T17:18:40","guid":{"rendered":"http:\/\/www.andiheintzel.de\/wordpress-2\/"},"modified":"2023-10-09T15:46:59","modified_gmt":"2023-10-09T15:46:59","slug":"home","status":"publish","type":"page","link":"https:\/\/develos-design.de\/","title":{"rendered":"Home"},"content":{"rendered":"<h1>\u201eDesign is more than just a few tricks to the eye.<\/h1>\n<h1>It\u2019s a few tricks to the brain.\u201c\u00a0\u00a0 <span style=\"font-size: 18pt;\">Neville Brody, Designer<\/span><\/h1>\n<p>Develos Design steht seit 16 Jahren f\u00fcr zielgerichtete, kreative und zuverl\u00e4ssige L\u00f6sungen im Bereich Produkt- und Industriedesign.<\/p>\n<p>Mein Anspruch an gutes Design geht weit \u00fcber das gut aussehen und sich gut anf\u00fchlen hinaus.<br \/>\nSo wei\u00df es auf die Bed\u00fcrfnisse des zuk\u00fcnftigen Benutzers einzugehen und besticht durch \u00fcberzeugende Funktionalit\u00e4t. Das neu Geschaffene kommuniziert.<\/p>\n<p>Develos Design gew\u00e4hrt spannende Einblicke in eine repr\u00e4sentative Auswahl von Arbeiten aus den Designbereichen Transportation, Product, Exhibition und Interior.<\/p>\n<p><img loading=\"lazy\" decoding=\"async\" class=\" wp-image-826 size-large alignnone\" src=\"https:\/\/develos-design.de\/wp-content\/uploads\/2015\/02\/Develos-Bar_01-600x424.jpg\" alt=\"\" width=\"600\" height=\"424\" \/><\/p>\n","protected":false},"excerpt":{"rendered":"<p>\u201eDesign is more than just a few tricks to the eye. It\u2019s a few tricks to the brain.\u201c\u00a0\u00a0 Neville Brody, Designer Develos Design steht seit 16 Jahren f\u00fcr zielgerichtete, kreative und zuverl\u00e4ssige L\u00f6sungen im Bereich Produkt- und Industriedesign. Mein Anspruch &hellip; <a href=\"https:\/\/develos-design.de\/\">Weiterlesen <span class=\"meta-nav\">&rarr;<\/span><\/a><\/p>\n","protected":false},"author":1,"featured_media":0,"parent":0,"menu_order":0,"comment_status":"closed","ping_status":"closed","template":"","meta":{"footnotes":""},"_links":{"self":[{"href":"https:\/\/develos-design.de\/index.php?rest_route=\/wp\/v2\/pages\/234"}],"collection":[{"href":"https:\/\/develos-design.de\/index.php?rest_route=\/wp\/v2\/pages"}],"about":[{"href":"https:\/\/develos-design.de\/index.php?rest_route=\/wp\/v2\/types\/page"}],"author":[{"embeddable":true,"href":"https:\/\/develos-design.de\/index.php?rest_route=\/wp\/v2\/users\/1"}],"replies":[{"embeddable":true,"href":"https:\/\/develos-design.de\/index.php?rest_route=%2Fwp%2Fv2%2Fcomments&post=234"}],"version-history":[{"count":42,"href":"https:\/\/develos-design.de\/index.php?rest_route=\/wp\/v2\/pages\/234\/revisions"}],"predecessor-version":[{"id":873,"href":"https:\/\/develos-design.de\/index.php?rest_route=\/wp\/v2\/pages\/234\/revisions\/873"}],"wp:attachment":[{"href":"https:\/\/develos-design.de\/index.php?rest_route=%2Fwp%2Fv2%2Fmedia&parent=234"}],"curies":[{"name":"wp","href":"https:\/\/api.w.org\/{rel}","templated":true}]}}